{"id":10,"date":"2009-11-24T21:09:21","date_gmt":"2009-11-24T20:09:21","guid":{"rendered":"http:\/\/www.rabbiteye.de\/rabbiteye_wp\/?page_id=10"},"modified":"2025-06-30T10:15:36","modified_gmt":"2025-06-30T09:15:36","slug":"publizieren","status":"publish","type":"page","link":"https:\/\/www.rabbiteye.de\/?page_id=10","title":{"rendered":"PUBLIZIEREN"},"content":{"rendered":"<p><span style=\"color: #ffffff;\"><strong>.<\/strong><\/span><br \/>\nLiebe Autorinnen und Autoren,<\/p>\n<p>die Herausgeber von <em>Rabbit Eye \u2013 Zeitschrift f\u00fcr Filmforschung<\/em> freuen sich \u00fcber eingesandte Beitr\u00e4ge. Es gibt nur wenige Hinweise, die Sie beachten sollten: Grunds\u00e4tzlich m\u00f6chten wir Sie bitten, uns immer vollst\u00e4ndige Artikel zu schicken, die von uns redaktionell gepr\u00fcft werden. Beim Verfassen Ihrer Artikel beachten Sie bitte unser<span style=\"color: #d60404;\"> <strong><a style=\"color: #d60404;\" href=\"https:\/\/www.rabbiteye.de\/rabbiteye_wp\/wp-content\/uploads\/2025\/06\/Style_Sheet_RabbitEye_2024.pdf\">Stylesheet<\/a><\/strong><\/span>.<\/p>\n<p>Jede Ausgabe ist einem bestimmten Schwerpunktthema gewidmet. Dar\u00fcber hinaus freuen wir uns aber auch \u00fcber Aufs\u00e4tze, die sich au\u00dferhalb des Schwerpunkts mit dem <em>Filmischen in den Medien<\/em> auseinandersetzen.<\/p>\n<p>Bitte schicken Sie Ihre Texte an <span style=\"color: #d60404;\"><strong><a style=\"color: #d60404;\" href=\"mailto:oliver.schmidt@tuhh.de\">oliver.schmidt@tuhh.de<\/a><\/strong><\/span>.<\/p>\n<p>&nbsp;<\/p>\n<p>&nbsp;<\/p>\n<p style=\"text-align: center;\"><a id=\"entry-content-rot\" href=\"?page_id=872\">Impressum<\/a><a id=\"entry-content-rot\"><\/a> | <a id=\"entry-content-rot\" href=\"?page_id=857\">Datenschutzerkl\u00e4rung<\/a><\/p>\n<p>&nbsp;<\/p>\n","protected":false},"excerpt":{"rendered":"<p>. Liebe Autorinnen und Autoren, die Herausgeber von Rabbit Eye \u2013 Zeitschrift f\u00fcr Filmforschung freuen sich \u00fcber eingesandte Beitr\u00e4ge. Es gibt nur wenige Hinweise, die Sie beachten sollten: Grunds\u00e4tzlich m\u00f6chten wir Sie bitten, uns immer vollst\u00e4ndige Artikel zu schicken, die von uns redaktionell gepr\u00fcft werden. Beim Verfassen Ihrer Artikel beachten Sie bitte unser Stylesheet. Jede [&hellip;]<\/p>\n","protected":false},"author":4,"featured_media":0,"parent":0,"menu_order":4,"comment_status":"closed","ping_status":"closed","template":"","meta":{"footnotes":""},"_links":{"self":[{"href":"https:\/\/www.rabbiteye.de\/index.php?rest_route=\/wp\/v2\/pages\/10"}],"collection":[{"href":"https:\/\/www.rabbiteye.de\/index.php?rest_route=\/wp\/v2\/pages"}],"about":[{"href":"https:\/\/www.rabbiteye.de\/index.php?rest_route=\/wp\/v2\/types\/page"}],"author":[{"embeddable":true,"href":"https:\/\/www.rabbiteye.de\/index.php?rest_route=\/wp\/v2\/users\/4"}],"replies":[{"embeddable":true,"href":"https:\/\/www.rabbiteye.de\/index.php?rest_route=%2Fwp%2Fv2%2Fcomments&post=10"}],"version-history":[{"count":35,"href":"https:\/\/www.rabbiteye.de\/index.php?rest_route=\/wp\/v2\/pages\/10\/revisions"}],"predecessor-version":[{"id":1099,"href":"https:\/\/www.rabbiteye.de\/index.php?rest_route=\/wp\/v2\/pages\/10\/revisions\/1099"}],"wp:attachment":[{"href":"https:\/\/www.rabbiteye.de\/index.php?rest_route=%2Fwp%2Fv2%2Fmedia&parent=10"}],"curies":[{"name":"wp","href":"https:\/\/api.w.org\/{rel}","templated":true}]}}