{"id":313,"date":"2010-10-21T14:23:13","date_gmt":"2010-10-21T13:23:13","guid":{"rendered":"http:\/\/www.rabbiteye.de\/?page_id=313"},"modified":"2021-12-07T16:00:06","modified_gmt":"2021-12-07T15:00:06","slug":"001-2010","status":"publish","type":"page","link":"https:\/\/www.rabbiteye.de\/?page_id=313","title":{"rendered":"001 | 2010"},"content":{"rendered":"<p><img loading=\"lazy\" decoding=\"async\" class=\"size-full wp-image-266 alignnone\" title=\"001 | 2010 Rabbit Eye\" src=\"rabbiteye_wp\/..\/uploads\/2010\/01\/001_rabbiteye_titelbild_nr.png\" alt=\"001 | 2010 Rabbit Eye\" width=\"950\" height=\"50\" srcset=\"https:\/\/www.rabbiteye.de\/rabbiteye_wp\/wp-content\/uploads\/2010\/01\/001_rabbiteye_titelbild_nr.png 950w, https:\/\/www.rabbiteye.de\/rabbiteye_wp\/wp-content\/uploads\/2010\/01\/001_rabbiteye_titelbild_nr-300x15.png 300w\" sizes=\"(max-width: 950px) 100vw, 950px\" \/><\/p>\n<h2><a href=\"2010\/1\/frisch_bildmotivgeschichten.pdf\">Bild-Motiv-Geschichten<\/a><\/h2>\n<p>\u00dcberlegungen zu einer motivorientierten Filmanalyse<br \/>\n<em>Simon Frisch, Universit\u00e4t Hildesheim<\/em><\/p>\n<h2><a href=\"2010\/1\/kuhn_erzaehlen_im_internet.pdf\">Medienreflexives filmisches Erz\u00e4hlen im Internet<\/a><\/h2>\n<p>Die Webserie PIETSHOW<br \/>\n<em>Markus Kuhn, Universit\u00e4t Hamburg<\/em><\/p>\n<h2><a href=\"2010\/1\/luedeker_ethische_filmanalyse.pdf\">Grundlagen f\u00fcr eine ethische Filmanalyse<\/a><\/h2>\n<p>Figurenmoral und Rezeption am Beispiel von TROPA DE ELITE und DEXTER<br \/>\n<em>Gerhard Jens L\u00fcdeker, Universit\u00e4t Bremen<\/em><\/p>\n<h2><a href=\"2010\/1\/orth_blick_auf_realitaet.pdf\">Der Blick auf die Realit\u00e4t<\/a><\/h2>\n<p>Fokalisierung und narrative Wirklichkeit in WICKER PARK, \u00c0 LA FOLIE &#8230; PAS DU TOUT und RASH\u00d4MON<br \/>\n<em>Dominik Orth, Universit\u00e4t Bremen<\/em><\/p>\n<h2><a href=\"2010\/1\/schmidt_handlungsraum_wall_e.pdf\">\u201eDer letzte r\u00e4umt die Erde auf!\u201c<\/a><\/h2>\n<p>Handlungsraum, Figurenstabilit\u00e4t und Spuren des Experimentellen im Animationsfilm WALL-E<br \/>\n<em>Oliver Schmidt, Universit\u00e4t Bremen<\/em><\/p>\n<h2><a href=\"2010\/1\/wortmann_dvdkultur.pdf\">DVD-Kultur und \u201aMaking of\u2018<\/a><\/h2>\n<p>Beitrag zu einer Mediengeschichte des Autorenfilms<br \/>\n<em>Volker Wortmann, Universit\u00e4t Hildesheim<\/em><\/p>\n<h2><a href=\"2010\/1\/yacavone_film_worlds.pdf\">Film Worlds<\/a><\/h2>\n<p>Zur Neukonzeption von filmischer Repr\u00e4sentation, Temporalit\u00e4t und Reflexivit\u00e4t<br \/>\n<em>Daniel Yacavone, University of Edinburgh<\/em><\/p>\n<h3 style=\"margin-top: 20px;\">Diskussionspapier<\/h3>\n<h2><a href=\"2010\/1\/fuhrmann_heller_bau_im_mittel.pdf\">Der Bau im bequemen Mittel?<\/a><\/h2>\n<p>Filmwissenschaftliche Anmerkungen zu Positionen des Nachwuchses<br \/>\n<em>Wolfgang Fuhrmann, Franziska Heller, Universit\u00e4t Z\u00fcrich<\/em><\/p>\n<p>&nbsp;<\/p>\n<p style=\"text-align: center;\"><a id=\"entry-content-rot\" href=\"?page_id=872\">Impressum<\/a><a id=\"entry-content-rot\"><\/a> | <a id=\"entry-content-rot\" href=\"?page_id=857\">Datenschutzerkl\u00e4rung<\/a><\/p>\n<p>&nbsp;<\/p>\n","protected":false},"excerpt":{"rendered":"<p>Bild-Motiv-Geschichten \u00dcberlegungen zu einer motivorientierten Filmanalyse Simon Frisch, Universit\u00e4t Hildesheim Medienreflexives filmisches Erz\u00e4hlen im Internet Die Webserie PIETSHOW Markus Kuhn, Universit\u00e4t Hamburg Grundlagen f\u00fcr eine ethische Filmanalyse Figurenmoral und Rezeption am Beispiel von TROPA DE ELITE und DEXTER Gerhard Jens L\u00fcdeker, Universit\u00e4t Bremen Der Blick auf die Realit\u00e4t Fokalisierung und narrative Wirklichkeit in WICKER PARK, [&hellip;]<\/p>\n","protected":false},"author":4,"featured_media":0,"parent":15,"menu_order":1,"comment_status":"closed","ping_status":"closed","template":"","meta":{"footnotes":""},"_links":{"self":[{"href":"https:\/\/www.rabbiteye.de\/index.php?rest_route=\/wp\/v2\/pages\/313"}],"collection":[{"href":"https:\/\/www.rabbiteye.de\/index.php?rest_route=\/wp\/v2\/pages"}],"about":[{"href":"https:\/\/www.rabbiteye.de\/index.php?rest_route=\/wp\/v2\/types\/page"}],"author":[{"embeddable":true,"href":"https:\/\/www.rabbiteye.de\/index.php?rest_route=\/wp\/v2\/users\/4"}],"replies":[{"embeddable":true,"href":"https:\/\/www.rabbiteye.de\/index.php?rest_route=%2Fwp%2Fv2%2Fcomments&post=313"}],"version-history":[{"count":10,"href":"https:\/\/www.rabbiteye.de\/index.php?rest_route=\/wp\/v2\/pages\/313\/revisions"}],"predecessor-version":[{"id":979,"href":"https:\/\/www.rabbiteye.de\/index.php?rest_route=\/wp\/v2\/pages\/313\/revisions\/979"}],"up":[{"embeddable":true,"href":"https:\/\/www.rabbiteye.de\/index.php?rest_route=\/wp\/v2\/pages\/15"}],"wp:attachment":[{"href":"https:\/\/www.rabbiteye.de\/index.php?rest_route=%2Fwp%2Fv2%2Fmedia&parent=313"}],"curies":[{"name":"wp","href":"https:\/\/api.w.org\/{rel}","templated":true}]}}