{"id":398,"date":"2011-09-13T15:10:14","date_gmt":"2011-09-13T14:10:14","guid":{"rendered":"http:\/\/www.rabbiteye.de\/?page_id=398"},"modified":"2023-01-12T13:10:23","modified_gmt":"2023-01-12T12:10:23","slug":"002-2010","status":"publish","type":"page","link":"https:\/\/www.rabbiteye.de\/?page_id=398","title":{"rendered":"002 | 2010"},"content":{"rendered":"<p><img loading=\"lazy\" decoding=\"async\" class=\"alignnone size-full wp-image-352\" title=\"002 | 2010 Rabbit Eye\" src=\"rabbiteye_wp\/..\/uploads\/2010\/10\/002_rabbiteye_titelbild_nr.png\" alt=\"002 | 2010 Rabbit Eye\" width=\"950\" height=\"50\" srcset=\"https:\/\/www.rabbiteye.de\/rabbiteye_wp\/wp-content\/uploads\/2010\/10\/002_rabbiteye_titelbild_nr.png 950w, https:\/\/www.rabbiteye.de\/rabbiteye_wp\/wp-content\/uploads\/2010\/10\/002_rabbiteye_titelbild_nr-300x15.png 300w\" sizes=\"(max-width: 950px) 100vw, 950px\" \/><\/p>\n<h2 style=\"margin-bottom: 12px;\"><a href=\"2010\/2\/editorial.pdf\">Editorial: \u201aDer filmische Raum\u2019<\/a><\/h2>\n<h2><a href=\"2010\/2\/beil_erinnerungsraeume.pdf\">Mindscapes<\/a><\/h2>\n<p>Erinnerungsr\u00e4ume im zeitgen\u00f6ssischen Film<br \/>\n<em>Benjamin Beil, Universit\u00e4t Siegen<\/em><\/p>\n<h2><a href=\"2010\/2\/khouloki_zuschauerraum.pdf\">Interferenzen: Filmischer Raum und Zuschauerraum in PEEPING TOM (1960)<\/a><\/h2>\n<p><em>Rayd Khouloki, Universit\u00e4t Hamburg<\/em><\/p>\n<h2><a href=\"2010\/2\/schmidt_raeumliche-wahrnehmung.pdf\">Die r\u00e4umliche Wahrnehmung von Wirklichkeit<\/a><\/h2>\n<p>Drei Anmerkungen zum Verh\u00e4ltnis von filmischer Repr\u00e4sentation und Zuschauer<br \/>\n<em>Oliver Schmidt, Universit\u00e4t Bremen<\/em><\/p>\n<h2><a href=\"2010\/2\/prange_transparenz.pdf\">Transparenz und Opazit\u00e4t<\/a><\/h2>\n<p>Zur Kritik der \u00e4sthetischen Grenze in Godards UNE FEMME MARI\u00c9E<br \/>\n<em>Regine Prange, Goethe Universit\u00e4t Frankfurt am Main<\/em><\/p>\n<h2><a href=\"2010\/2\/henke_geschlechter-raeume.pdf\">\u201aGender takes place\u2019: Geschlechter-R\u00e4ume im Shakespeare-Film<\/a><\/h2>\n<p>Zur Interdependenz von Raumsemantik, Performativit\u00e4t und Gender am Beispiel von MUCH ADO ABOUT NOTHING<br \/>\n<em>Jennifer Henke, Universit\u00e4t Bremen<\/em><\/p>\n<h2><a href=\"2010\/2\/guenzel_computerspielmedium.pdf\">Von der Zeit zum Raum<\/a><\/h2>\n<p>Geschichte und \u00c4sthetik des Computerspielmediums<br \/>\n<em>Stephan G\u00fcnzel, Universit\u00e4t Potsdam<\/em><\/p>\n<h2><a href=\"2010\/2\/jockenhoevel_stereoskopischer_raum.pdf\">Der stereoskopische Filmraum<\/a><\/h2>\n<p>Immersion und Koh\u00e4renz in Henry Selicks CORALINE und Tim Burtons ALICE IN WONDERLAND<br \/>\n<em>Jesko Jockenh\u00f6vel, Hochschule f\u00fcr Film und Fernsehen \u201eKonrad Wolf\u201c Potsdam-Babelsberg<\/em><\/p>\n<h2><a href=\"2010\/2\/martin_akustischer_raum.pdf\">Das hors-son oder die Entstehung des akustischen Raums im Film<\/a><\/h2>\n<p><em>Silke Martin, Bauhaus-Universit\u00e4t Weimar<\/em><\/p>\n<h3 style=\"margin-top: 20px;\">Tagungsbericht<\/h3>\n<h2><a href=\"2010\/2\/stollfuss_weiss_czekaj_tagungsbericht.pdf\">Gegenst\u00e4nde medienwissenschaftlicher Forschung<\/a><\/h2>\n<p>Eine R\u00fcckschau auf die Tagung vom 16. bis 18. September 2010 an der Philipps-Universit\u00e4t Marburg<br \/>\n<em>Sven Stollfu\u00df, Monika Wei\u00df und Sonja Czekaj, Philipps-Universit\u00e4t Marburg<\/em><\/p>\n<h3 style=\"margin-top: 20px;\">Diskussion<\/h3>\n<h2><a href=\"2010\/2\/inception.pdf\">Und der Kreisel dreht sich weiter<\/a><\/h2>\n<p>Eine Round-Table-Diskussion zu Christopher Nolans INCEPTION<br \/>\n<em>Simon Frisch, Gerhard Jens L\u00fcdeker, Dominik Orth, Oliver Schmidt<\/em><\/p>\n<p>&nbsp;<\/p>\n<p style=\"text-align: center;\"><a id=\"entry-content-rot\" href=\"?page_id=872\">Impressum<\/a><a id=\"entry-content-rot\"><\/a> | <a id=\"entry-content-rot\" href=\"?page_id=857\">Datenschutzerkl\u00e4rung<\/a><\/p>\n<p>&nbsp;<\/p>\n","protected":false},"excerpt":{"rendered":"<p>Editorial: \u201aDer filmische Raum\u2019 Mindscapes Erinnerungsr\u00e4ume im zeitgen\u00f6ssischen Film Benjamin Beil, Universit\u00e4t Siegen Interferenzen: Filmischer Raum und Zuschauerraum in PEEPING TOM (1960) Rayd Khouloki, Universit\u00e4t Hamburg Die r\u00e4umliche Wahrnehmung von Wirklichkeit Drei Anmerkungen zum Verh\u00e4ltnis von filmischer Repr\u00e4sentation und Zuschauer Oliver Schmidt, Universit\u00e4t Bremen Transparenz und Opazit\u00e4t Zur Kritik der \u00e4sthetischen Grenze in Godards UNE [&hellip;]<\/p>\n","protected":false},"author":4,"featured_media":0,"parent":15,"menu_order":2,"comment_status":"closed","ping_status":"closed","template":"","meta":{"footnotes":""},"_links":{"self":[{"href":"https:\/\/www.rabbiteye.de\/index.php?rest_route=\/wp\/v2\/pages\/398"}],"collection":[{"href":"https:\/\/www.rabbiteye.de\/index.php?rest_route=\/wp\/v2\/pages"}],"about":[{"href":"https:\/\/www.rabbiteye.de\/index.php?rest_route=\/wp\/v2\/types\/page"}],"author":[{"embeddable":true,"href":"https:\/\/www.rabbiteye.de\/index.php?rest_route=\/wp\/v2\/users\/4"}],"replies":[{"embeddable":true,"href":"https:\/\/www.rabbiteye.de\/index.php?rest_route=%2Fwp%2Fv2%2Fcomments&post=398"}],"version-history":[{"count":27,"href":"https:\/\/www.rabbiteye.de\/index.php?rest_route=\/wp\/v2\/pages\/398\/revisions"}],"predecessor-version":[{"id":1035,"href":"https:\/\/www.rabbiteye.de\/index.php?rest_route=\/wp\/v2\/pages\/398\/revisions\/1035"}],"up":[{"embeddable":true,"href":"https:\/\/www.rabbiteye.de\/index.php?rest_route=\/wp\/v2\/pages\/15"}],"wp:attachment":[{"href":"https:\/\/www.rabbiteye.de\/index.php?rest_route=%2Fwp%2Fv2%2Fmedia&parent=398"}],"curies":[{"name":"wp","href":"https:\/\/api.w.org\/{rel}","templated":true}]}}