{"id":500,"date":"2012-04-28T18:36:51","date_gmt":"2012-04-28T17:36:51","guid":{"rendered":"http:\/\/www.rabbiteye.de\/?page_id=500"},"modified":"2023-01-12T13:42:36","modified_gmt":"2023-01-12T12:42:36","slug":"003-2011","status":"publish","type":"page","link":"https:\/\/www.rabbiteye.de\/?page_id=500","title":{"rendered":"003 | 2011"},"content":{"rendered":"<p><img loading=\"lazy\" decoding=\"async\" title=\"003 | 2011 Rabbit Eye\" src=\"rabbiteye_wp\/..\/uploads\/2011\/09\/003_rabbiteye_titelbild_nr.png\" alt=\"003 | 2011 Rabbit Eye\" width=\"950\" height=\"50\"><\/p>\n<h2 style=\"margin-bottom: 12px;\"><a href=\"2011\/3\/editorial_motiv.pdf\">Editorial: \u201aMotivforschung\u2019<\/a><\/h2>\n<p>&nbsp;<\/p>\n<h2><a href=\"2011\/3\/wulff_motivforschung.pdf\">Konzepte des Motivs und der Motivforschung in der Filmwissenschaft<\/a><\/h2>\n<p><em>Hans J. Wulff, Kiel<\/em><\/p>\n<h2><a href=\"2011\/3\/engell-wendler_geschichte.pdf\">Motiv und Geschichte<\/a><\/h2>\n<p><em>Lorenz Engell &amp; Andr\u00e9 Wendler, Weimar<\/em><\/p>\n<h2><a href=\"2011\/3\/frisch-strub_sirenen.pdf\">Sturz und Wiederauferstehung der Sirenen<\/a><\/h2>\n<p>Motiv als produktive Selbstvergewisserung der Tradition<br \/>\nMit einer Bemerkung zu einem anderen Konzept von Motiv als Platz der Attraktionen<br \/>\n<em>Simon Frisch, Jena &amp; Christian Strub, Berlin<\/em><\/p>\n<h2><a href=\"2011\/3\/kuch_treppenhaus.pdf\">Raum, Zeit, Ged\u00e4chtnis<\/a><\/h2>\n<p>Das Treppenhaus in DER NAME DER ROSE<br \/>\n<em>Ulrike Kuch, Weimar<\/em><\/p>\n<h2><a href=\"2011\/3\/stiglegger_auge.pdf\">Augen\/Blick<\/a><\/h2>\n<p>\u00dcberlegungen zum Motiv des Auges im Film<br \/>\n<em>Marcus Stiglegger, Siegen<\/em><\/p>\n<h2><a href=\"2011\/3\/vonderau_motiv-szenografien.pdf\">Motiv-Szenografien<\/a><\/h2>\n<p>Krieg als Gegenstand filmischen Erz\u00e4hlens<br \/>\n<em>Patrick Vonderau, Stockholm<\/em><\/p>\n<h3 style=\"margin-top: 20px;\">Off-Topic<\/h3>\n<h2><a href=\"2011\/3\/adachi-rabe_off.pdf\">Zur Expansion des Off<\/a><\/h2>\n<p>Jean-Luc Godards LE M\u00c9PRIS und Wong Kar-Wais IN THE MOOD FOR LOVE im Vergleich<br \/>\n<em>Kayo Adachi-Rabe, Berlin<\/em><\/p>\n<h2><a href=\"\/2011\/3\/steiner_komplexitaet.pdf\">Komplexit\u00e4t im Film<\/a><\/h2>\n<p>Multiperspektivisches Erz\u00e4hlen bei Alejandro G. I\u00f1\u00e1rritu und Pete Travis<br \/>\n<em>Andr\u00e9 Steiner, Bremen<\/em><\/p>\n<p>&nbsp;<\/p>\n<p style=\"text-align: center;\"><a id=\"entry-content-rot\" href=\"?page_id=872\">Impressum<\/a><a id=\"entry-content-rot\"><\/a> | <a id=\"entry-content-rot\" href=\"?page_id=857\">Datenschutzerkl\u00e4rung<\/a><\/p>\n<p>&nbsp;<\/p>\n","protected":false},"excerpt":{"rendered":"<p>Editorial: \u201aMotivforschung\u2019 &nbsp; Konzepte des Motivs und der Motivforschung in der Filmwissenschaft Hans J. Wulff, Kiel Motiv und Geschichte Lorenz Engell &amp; Andr\u00e9 Wendler, Weimar Sturz und Wiederauferstehung der Sirenen Motiv als produktive Selbstvergewisserung der Tradition Mit einer Bemerkung zu einem anderen Konzept von Motiv als Platz der Attraktionen Simon Frisch, Jena &amp; Christian Strub, [&hellip;]<\/p>\n","protected":false},"author":4,"featured_media":0,"parent":15,"menu_order":3,"comment_status":"closed","ping_status":"closed","template":"","meta":{"footnotes":""},"_links":{"self":[{"href":"https:\/\/www.rabbiteye.de\/index.php?rest_route=\/wp\/v2\/pages\/500"}],"collection":[{"href":"https:\/\/www.rabbiteye.de\/index.php?rest_route=\/wp\/v2\/pages"}],"about":[{"href":"https:\/\/www.rabbiteye.de\/index.php?rest_route=\/wp\/v2\/types\/page"}],"author":[{"embeddable":true,"href":"https:\/\/www.rabbiteye.de\/index.php?rest_route=\/wp\/v2\/users\/4"}],"replies":[{"embeddable":true,"href":"https:\/\/www.rabbiteye.de\/index.php?rest_route=%2Fwp%2Fv2%2Fcomments&post=500"}],"version-history":[{"count":25,"href":"https:\/\/www.rabbiteye.de\/index.php?rest_route=\/wp\/v2\/pages\/500\/revisions"}],"predecessor-version":[{"id":1037,"href":"https:\/\/www.rabbiteye.de\/index.php?rest_route=\/wp\/v2\/pages\/500\/revisions\/1037"}],"up":[{"embeddable":true,"href":"https:\/\/www.rabbiteye.de\/index.php?rest_route=\/wp\/v2\/pages\/15"}],"wp:attachment":[{"href":"https:\/\/www.rabbiteye.de\/index.php?rest_route=%2Fwp%2Fv2%2Fmedia&parent=500"}],"curies":[{"name":"wp","href":"https:\/\/api.w.org\/{rel}","templated":true}]}}