{"id":534,"date":"2013-04-29T16:46:37","date_gmt":"2013-04-29T15:46:37","guid":{"rendered":"http:\/\/www.rabbiteye.de\/?page_id=534"},"modified":"2023-01-12T13:43:02","modified_gmt":"2023-01-12T12:43:02","slug":"004-2012-2","status":"publish","type":"page","link":"https:\/\/www.rabbiteye.de\/?page_id=534","title":{"rendered":"004 | 2012"},"content":{"rendered":"<p><img loading=\"lazy\" decoding=\"async\" title=\"004 | 2012 Rabbit Eye\" src=\"rabbiteye_wp\/..\/uploads\/2012\/04\/004_rabbiteye_titelbild.png\" alt=\"004 | 2012 Rabbit Eye\" width=\"950\" height=\"50\"><\/p>\n<h2 style=\"margin-bottom: 12px;\"><a href=\"2012\/4\/luedeker_editorial.pdf\">Editorial: \u201aFilm und Gesellschaft\u2019<\/a><\/h2>\n<p>&nbsp;<\/p>\n<h2><a href=\"2012\/4\/schenk_text-kontext-rezeption.pdf\">Text \u2013 Kontext \u2013 Rezeption<\/a><\/h2>\n<p>Kritisches zur philologischen Textgl\u00e4ubigkeit bez\u00fcglich Rezeptionssteuerung<br \/>\n<em>Irmbert Schenk, Bremen<\/em><\/p>\n<h2><a href=\"2012\/4\/zywietz_grenzen.pdf\"><strong>Grenzen des seismografischen Films<\/strong><\/a><\/h2>\n<p>Zum konzeptuellen Verh\u00e4ltnis von Film und Gesellschaft am Beispiel des Stereotyps zwischen Funktionalit\u00e4t und Angemessenheit<br \/>\n<em>Bernd Zywietz, Mainz<\/em><\/p>\n<h2><a href=\"2012\/4\/lueck_poetiken.pdf\">Poetiken der Demokratie?<\/a><\/h2>\n<p><em>Michael L\u00fcck, Berlin<\/em><\/p>\n<h2><a href=\"2012\/4\/kagelmann_metropolis.pdf\">\u201aAugusterlebnis reloaded\u2018<\/a><\/h2>\n<p>Anmerkungen zur Gesellschaftsutopie in METROPOLIS\/Metropolis<br \/>\n<em>Andre Kagelmann, K\u00f6ln<\/em><\/p>\n<h2><a href=\"2012\/4\/berger_winkler_migration.pdf\">The Cinema of Irregular Migration and the Question of Space: France, Italy and Spain<\/a><\/h2>\n<p><em>Verena Berger, Wien &amp; Daniel Winkler, Innsbruck<\/em><\/p>\n<h2><a href=\"2012\/4\/armbrust_serie.pdf\">Konflikte in Serie<\/a><\/h2>\n<p>Aushandlungen zwischen Individuum und Gesellschaft in THE WIRE und MAD MEN<br \/>\n<em>Sebastian Armbrust, Hamburg<\/em><\/p>\n<h2><a href=\"2012\/4\/peltzer_blockbuster.pdf\">Identit\u00e4t f\u00fcr Alle!<\/a><\/h2>\n<p>Der Blockbuster als global erfolgreicher Identit\u00e4tsanbieter einer Weltgesellschaft<br \/>\n<em>Anja Peltzer, Mannheim<\/em><\/p>\n<h3 style=\"margin-top: 20px;\">Off-Topic<\/h3>\n<h2><a href=\"2012\/4\/garsoffky_glaser_schwan_aufmerksamkeit.pdf\">Aufmerksamkeit und Filmerleben<\/a><\/h2>\n<p>Was uns physiologische Ma\u00dfe \u00fcber das Empfinden von Transportation beim Filmsehen sagen k\u00f6nnen<br \/>\n<em>B\u00e4rbel Garsoffky, Manuela Glaser &amp; Stephan Schwan, T\u00fcbingen<\/em><\/p>\n<h2><a href=\"2012\/4\/geib_replik.pdf\">Was ist ein filmischer Ged\u00e4chtnisraum?<\/a><\/h2>\n<p>Replik zu \u201eRaum, Zeit, Ged\u00e4chtnis\u201c von Ulrike Kuch in <em>Rabbit Eye 00<br \/>\nRobert Geib, Jena\/Weimar\/Erfurt<\/em><\/p>\n<p>&nbsp;<\/p>\n<p style=\"text-align: center;\"><a id=\"entry-content-rot\" href=\"?page_id=872\">Impressum<\/a><a id=\"entry-content-rot\"><\/a> | <a id=\"entry-content-rot\" href=\"?page_id=857\">Datenschutzerkl\u00e4rung<\/a><\/p>\n<p>&nbsp;<\/p>\n","protected":false},"excerpt":{"rendered":"<p>Editorial: \u201aFilm und Gesellschaft\u2019 &nbsp; Text \u2013 Kontext \u2013 Rezeption Kritisches zur philologischen Textgl\u00e4ubigkeit bez\u00fcglich Rezeptionssteuerung Irmbert Schenk, Bremen Grenzen des seismografischen Films Zum konzeptuellen Verh\u00e4ltnis von Film und Gesellschaft am Beispiel des Stereotyps zwischen Funktionalit\u00e4t und Angemessenheit Bernd Zywietz, Mainz Poetiken der Demokratie? Michael L\u00fcck, Berlin \u201aAugusterlebnis reloaded\u2018 Anmerkungen zur Gesellschaftsutopie in METROPOLIS\/Metropolis Andre [&hellip;]<\/p>\n","protected":false},"author":4,"featured_media":0,"parent":15,"menu_order":4,"comment_status":"closed","ping_status":"closed","template":"","meta":{"footnotes":""},"_links":{"self":[{"href":"https:\/\/www.rabbiteye.de\/index.php?rest_route=\/wp\/v2\/pages\/534"}],"collection":[{"href":"https:\/\/www.rabbiteye.de\/index.php?rest_route=\/wp\/v2\/pages"}],"about":[{"href":"https:\/\/www.rabbiteye.de\/index.php?rest_route=\/wp\/v2\/types\/page"}],"author":[{"embeddable":true,"href":"https:\/\/www.rabbiteye.de\/index.php?rest_route=\/wp\/v2\/users\/4"}],"replies":[{"embeddable":true,"href":"https:\/\/www.rabbiteye.de\/index.php?rest_route=%2Fwp%2Fv2%2Fcomments&post=534"}],"version-history":[{"count":19,"href":"https:\/\/www.rabbiteye.de\/index.php?rest_route=\/wp\/v2\/pages\/534\/revisions"}],"predecessor-version":[{"id":1038,"href":"https:\/\/www.rabbiteye.de\/index.php?rest_route=\/wp\/v2\/pages\/534\/revisions\/1038"}],"up":[{"embeddable":true,"href":"https:\/\/www.rabbiteye.de\/index.php?rest_route=\/wp\/v2\/pages\/15"}],"wp:attachment":[{"href":"https:\/\/www.rabbiteye.de\/index.php?rest_route=%2Fwp%2Fv2%2Fmedia&parent=534"}],"curies":[{"name":"wp","href":"https:\/\/api.w.org\/{rel}","templated":true}]}}