{"id":700,"date":"2015-05-28T10:57:12","date_gmt":"2015-05-28T09:57:12","guid":{"rendered":"http:\/\/www.rabbiteye.de\/?page_id=700"},"modified":"2021-12-07T16:19:36","modified_gmt":"2021-12-07T15:19:36","slug":"006-2014-2","status":"publish","type":"page","link":"https:\/\/www.rabbiteye.de\/?page_id=700","title":{"rendered":"006 | 2014"},"content":{"rendered":"<p><img loading=\"lazy\" decoding=\"async\" class=\"size-full wp-image-266 alignnone\" title=\"006 | 2014 Rabbit Eye\" src=\"rabbiteye_wp\/..\/uploads\/2014\/04\/006_rabbiteye_titelbild_archiv_950px.png\" alt=\"\" width=\"950\" height=\"50\"><\/p>\n<h2 style=\"margin-bottom: 12px;\"><a href=\"2014\/6\/ritzer_schmidt_editorial.pdf\">Editorial: \u201aGenrereflexionen&#8216;<\/a><\/h2>\n<p>&nbsp;<\/p>\n<h3 style=\"margin-top: 20px;\">Theoretische Perspektiven<\/h3>\n<h2><a href=\"2014\/6\/ritzer_difference.pdf\">Die Regeln des Spiels<\/a><\/h2>\n<p>Zur Diff\u00e9rence zwischen Genre und Autor<br \/>\n<em>Ivo Ritzer, Siegen\/Mainz<\/em><\/p>\n<h2><a href=\"2014\/6\/schmidt_genrereloaded.pdf\"><strong>Genre Reloaded<\/strong><\/a><\/h2>\n<p>Lebensgef\u00fchl und \u00e4sthetische Erfahrung im Post-9\/11-Cinema und im smarten Liebesfilm<br \/>\n<em>Oliver Schmidt, Hamburg<\/em><\/p>\n<h2><a href=\"2014\/6\/hettich_genrereflexivitaet.pdf\">Reflexivit\u00e4t und Genrereflexivit\u00e4t im Spielfilm<\/a><\/h2>\n<p>Begriffskl\u00e4rungen und \u00dcberlegungen zu Genrereflexionen im zeitgen\u00f6ssischen Kino<br \/>\n<em>Katja Hettich, Paderborn\/Bochum<\/em><\/p>\n<h3 style=\"margin-top: 20px;\">Genreanalysen<\/h3>\n<h2><a href=\"2014\/6\/rauscher_genresettings.pdf\">Avengers Assemblage<\/a><\/h2>\n<p>Genre Settings und Worldbuilding in den Marvel-Filmen<br \/>\n<em>Andreas Rauscher, Mainz<\/em><\/p>\n<h2><a href=\"2014\/6\/taylor_conspiracy.pdf\">Filmische Verschw\u00f6rungen im medialen Wandel<\/a><\/h2>\n<p>Aspekte der Genrebildung am Beispiel des <em>conspiracy thriller<\/em><br \/>\n<em>Henry M. Taylor, Z\u00fcrich<\/em><\/p>\n<h2><a href=\"2014\/6\/spoehrer_queer.pdf\">Ein Queeres Genre?<\/a><\/h2>\n<p>Homosexualit\u00e4t als generisches Element im Film Noir<br \/>\n<em>Markus Sp\u00f6hrer, Konstanz<\/em><\/p>\n<h2><a href=\"2014\/6\/wulff_tierhorror.pdf\">Vom Tierhorror<\/a><\/h2>\n<p>Oder: Ein Motivkomplex zwischen den Genres<br \/>\n<em>Hans J. Wulff, Kiel<\/em><\/p>\n<h3 style=\"margin-top: 20px;\">Einzelfilmanalysen<\/h3>\n<h2><a href=\"2014\/6\/ziemann_deathwish.pdf\">DEATH WISH (1974) \u2013 Beobachtungen eines Film<\/a><\/h2>\n<p><em>Andreas Ziemann, Weimar<\/em><\/p>\n<h2><a href=\"2014\/6\/fraueneder_akerman.pdf\">Filmisches Denken, Erinnern, Tasten<\/a><\/h2>\n<p>Das Essayistische in Filmen Chantal Akermans<br \/>\n<em>Iris Fraueneder, Wien<\/em><\/p>\n<h2><a href=\"2014\/6\/krehl_godard.pdf\">Musik als Genrekritik in Jean-Luc Godards PR\u00c9NOM CARMEN<\/a><\/h2>\n<p><em>Sebastian Krehl, Frankfurt<\/em><\/p>\n<p>&nbsp;<\/p>\n<p style=\"text-align: center;\"><a id=\"entry-content-rot\" href=\"?page_id=872\">Impressum<\/a><a id=\"entry-content-rot\"><\/a> | <a id=\"entry-content-rot\" href=\"?page_id=857\">Datenschutzerkl\u00e4rung<\/a><\/p>\n<p>&nbsp;<\/p>\n","protected":false},"excerpt":{"rendered":"<p>Editorial: \u201aGenrereflexionen&#8216; &nbsp; Theoretische Perspektiven Die Regeln des Spiels Zur Diff\u00e9rence zwischen Genre und Autor Ivo Ritzer, Siegen\/Mainz Genre Reloaded Lebensgef\u00fchl und \u00e4sthetische Erfahrung im Post-9\/11-Cinema und im smarten Liebesfilm Oliver Schmidt, Hamburg Reflexivit\u00e4t und Genrereflexivit\u00e4t im Spielfilm Begriffskl\u00e4rungen und \u00dcberlegungen zu Genrereflexionen im zeitgen\u00f6ssischen Kino Katja Hettich, Paderborn\/Bochum Genreanalysen Avengers Assemblage Genre Settings und [&hellip;]<\/p>\n","protected":false},"author":6,"featured_media":0,"parent":15,"menu_order":6,"comment_status":"closed","ping_status":"closed","template":"","meta":{"footnotes":""},"_links":{"self":[{"href":"https:\/\/www.rabbiteye.de\/index.php?rest_route=\/wp\/v2\/pages\/700"}],"collection":[{"href":"https:\/\/www.rabbiteye.de\/index.php?rest_route=\/wp\/v2\/pages"}],"about":[{"href":"https:\/\/www.rabbiteye.de\/index.php?rest_route=\/wp\/v2\/types\/page"}],"author":[{"embeddable":true,"href":"https:\/\/www.rabbiteye.de\/index.php?rest_route=\/wp\/v2\/users\/6"}],"replies":[{"embeddable":true,"href":"https:\/\/www.rabbiteye.de\/index.php?rest_route=%2Fwp%2Fv2%2Fcomments&post=700"}],"version-history":[{"count":6,"href":"https:\/\/www.rabbiteye.de\/index.php?rest_route=\/wp\/v2\/pages\/700\/revisions"}],"predecessor-version":[{"id":989,"href":"https:\/\/www.rabbiteye.de\/index.php?rest_route=\/wp\/v2\/pages\/700\/revisions\/989"}],"up":[{"embeddable":true,"href":"https:\/\/www.rabbiteye.de\/index.php?rest_route=\/wp\/v2\/pages\/15"}],"wp:attachment":[{"href":"https:\/\/www.rabbiteye.de\/index.php?rest_route=%2Fwp%2Fv2%2Fmedia&parent=700"}],"curies":[{"name":"wp","href":"https:\/\/api.w.org\/{rel}","templated":true}]}}