{"id":790,"date":"2016-11-02T14:52:13","date_gmt":"2016-11-02T13:52:13","guid":{"rendered":"http:\/\/www.rabbiteye.de\/?page_id=790"},"modified":"2021-12-07T16:23:04","modified_gmt":"2021-12-07T15:23:04","slug":"008-2016","status":"publish","type":"page","link":"https:\/\/www.rabbiteye.de\/?page_id=790","title":{"rendered":"008 | 2016"},"content":{"rendered":"<p><img loading=\"lazy\" decoding=\"async\" class=\"alignnone size-full wp-image-548\" title=\"008 | 2016 Rabbit Eye\" src=\"rabbiteye_wp\/..\/uploads\/2016\/09\/008_rabbiteye_titelbild_950px-1.png\" alt=\"\" width=\"950\" height=\"50\"><\/p>\n<h2 style=\"margin-bottom: 12px;\"><a href=\"2016\/8\/frisch_editorial008.pdf\">Editorial: Film und ostasiatische \u00c4sthetik \u2013 Perspektiven f\u00fcr die Filmtheorie<\/a><\/h2>\n<p>&nbsp;<\/p>\n<h2><a href=\"2016\/8\/fan_ontologie.pdf\"><strong>Ann\u00e4hernde Realit\u00e4t<\/strong><\/a><\/h2>\n<p>Chinesische Ontologie und das Potenzial der Zeit<br \/>\n<em>Victor Fan, London<\/em><\/p>\n<h2><a href=\"2016\/8\/adachi-rabe_teeweg.pdf\"><strong>Die \u00c4sthetik der Unvollkommenheit im Teeweg und im Film<\/strong><\/a><\/h2>\n<p><em>Kayo Adachi-Rabe, Jena<\/em><\/p>\n<h2><a href=\"2016\/8\/adachi-rabe_phoenix.pdf\">\u00c4sthetik der Unvollkommenheit in Christian Petzolds PHOENIX (2014)<\/a><\/h2>\n<p><em>Kayo Adachi-Rabe, Jena<\/em><\/p>\n<h2><a href=\"2016\/8\/frisch_kire.pdf\">Kire \u2013 \u201aReine Gewalt\u2018 im japanischen Film<\/a><\/h2>\n<p>Das japanische Prinzip des Schnittkontinuums (<em>kire-tsuzuki<\/em>) als Horizont f\u00fcr eine Theorie der filmischen \u00c4sthetik<br \/>\n<em>Simon Frisch, Weimar<\/em><\/p>\n<h2><a href=\"2016\/8\/becker_ozu.pdf\">Wenn die Frau aus Tokio eine Million h\u00e4tte<\/a><\/h2>\n<p>Eine Interpretation der Ernst Lubitsch-Sequenz aus Yasujir\u014d Ozus T\u014cKY\u014c NO ONNA<br \/>\n<em>Andreas Becker, Tokio<\/em><\/p>\n<h2><a href=\"2016\/8\/matron_geomeun-meori.pdf\">Zwischen Licht und Schatten liegt ein Riss<\/a><\/h2>\n<p>Vom Unsagbaren zum (Un-)Sichtbaren in GEOMEUN MEORI<br \/>\n<em>Astrid Matron, Berlin<\/em><\/p>\n<h2><a href=\"2016\/8\/lee_nordkoreanischer-film.pdf\">Opera goes to the Cinema<\/a><\/h2>\n<p>Zur \u00c4sthetik des nordkoreanischen Films<br \/>\n<em>Hyunseon Lee, London\/Siegen<\/em><\/p>\n<h2><a href=\"2016\/8\/ritzer_hill.pdf\">Am Nexus des Weltkinos<\/a><\/h2>\n<p>Zu Theorie und \u00c4sthetik von Walter Hills orientalem Genre-Auteurismus<br \/>\n<em>Ivo Ritzer, Bayreuth<\/em><\/p>\n<h2><a href=\"2016\/8\/stiglegger_kurosawa.pdf\">Re-Making Kurosawa<\/a><\/h2>\n<p>Kurosawas Rezeption im Weltkino<br \/>\n<em>Marcus Stiglegger, Berlin<\/em><\/p>\n<p>&nbsp;<\/p>\n<p style=\"text-align: center;\"><a id=\"entry-content-rot\" href=\"?page_id=872\">Impressum<\/a><a id=\"entry-content-rot\"><\/a> | <a id=\"entry-content-rot\" href=\"?page_id=857\">Datenschutzerkl\u00e4rung<\/a><\/p>\n<p>&nbsp;<\/p>\n","protected":false},"excerpt":{"rendered":"<p>Editorial: Film und ostasiatische \u00c4sthetik \u2013 Perspektiven f\u00fcr die Filmtheorie &nbsp; Ann\u00e4hernde Realit\u00e4t Chinesische Ontologie und das Potenzial der Zeit Victor Fan, London Die \u00c4sthetik der Unvollkommenheit im Teeweg und im Film Kayo Adachi-Rabe, Jena \u00c4sthetik der Unvollkommenheit in Christian Petzolds PHOENIX (2014) Kayo Adachi-Rabe, Jena Kire \u2013 \u201aReine Gewalt\u2018 im japanischen Film Das japanische [&hellip;]<\/p>\n","protected":false},"author":6,"featured_media":0,"parent":15,"menu_order":8,"comment_status":"closed","ping_status":"closed","template":"","meta":{"footnotes":""},"_links":{"self":[{"href":"https:\/\/www.rabbiteye.de\/index.php?rest_route=\/wp\/v2\/pages\/790"}],"collection":[{"href":"https:\/\/www.rabbiteye.de\/index.php?rest_route=\/wp\/v2\/pages"}],"about":[{"href":"https:\/\/www.rabbiteye.de\/index.php?rest_route=\/wp\/v2\/types\/page"}],"author":[{"embeddable":true,"href":"https:\/\/www.rabbiteye.de\/index.php?rest_route=\/wp\/v2\/users\/6"}],"replies":[{"embeddable":true,"href":"https:\/\/www.rabbiteye.de\/index.php?rest_route=%2Fwp%2Fv2%2Fcomments&post=790"}],"version-history":[{"count":6,"href":"https:\/\/www.rabbiteye.de\/index.php?rest_route=\/wp\/v2\/pages\/790\/revisions"}],"predecessor-version":[{"id":993,"href":"https:\/\/www.rabbiteye.de\/index.php?rest_route=\/wp\/v2\/pages\/790\/revisions\/993"}],"up":[{"embeddable":true,"href":"https:\/\/www.rabbiteye.de\/index.php?rest_route=\/wp\/v2\/pages\/15"}],"wp:attachment":[{"href":"https:\/\/www.rabbiteye.de\/index.php?rest_route=%2Fwp%2Fv2%2Fmedia&parent=790"}],"curies":[{"name":"wp","href":"https:\/\/api.w.org\/{rel}","templated":true}]}}