{"id":872,"date":"2018-05-24T15:12:01","date_gmt":"2018-05-24T14:12:01","guid":{"rendered":"http:\/\/www.rabbiteye.de\/?page_id=872"},"modified":"2024-05-28T12:50:31","modified_gmt":"2024-05-28T11:50:31","slug":"impressum","status":"publish","type":"page","link":"https:\/\/www.rabbiteye.de\/?page_id=872","title":{"rendered":"IMPRESSUM"},"content":{"rendered":"<h1 style=\"visibility: visible; color: #000000;\"><\/h1>\n<h1 style=\"visibility: visible; color: #000000;\">IMPRESSUM\/KONTAKT<\/h1>\n<h2><\/h2>\n<h2><\/h2>\n<h2>ISSN<\/h2>\n<p>2192-5445<\/p>\n<h2>Herausgeber und Redaktion<\/h2>\n<p>Priv.-Doz. Dr. Stephan Br\u00f6ssel (Westf\u00e4lische Wilhelms-Universit\u00e4t M\u00fcnster)<br \/>\nDr. Julia Eckel (Ruhr-Universit\u00e4t Bochum)<br \/>\nDr. Simon Frisch (Bauhaus-Universit\u00e4t Weimar)<br \/>\nDr. Stephanie Gro\u00dfmann (Universit\u00e4t Passau)<br \/>\nDr. Oliver Schmidt (Universit\u00e4t Hamburg)<\/p>\n<h2>Kontakt<\/h2>\n<p>Dr. Simon Frisch<br \/>\nBauhaus-Universit\u00e4t Weimar<br \/>\nFakult\u00e4t f\u00fcr Medien<br \/>\nFachbereich Medienwissenschaft<br \/>\nDozentur Film- und Medienwissenschaft<br \/>\nSchwanseestra\u00dfe 143, Zimmer 3.21<br \/>\nD-99427 Weimar<br \/>\nTelefon: +49 (0)3643\/58 37 37<br \/>\nE-mail: <a class=\"csc-content-link\">simon.frisch@uni-weimar.de<\/a><br \/>\n<a name=\"beirat\"><\/a><\/p>\n<h2>Wissenschaftlicher Beirat<\/h2>\n<p>Prof. Dr. Jens Eder (Universit\u00e4t Mannheim)<br \/>\nProf. Dr. Britta Hartmann (Rheinische Friedrich-Wilhelms-Universit\u00e4t Bonn)<br \/>\nProf. Dr. Vinzenz Hediger (Goethe-Universit\u00e4t Frankfurt am Main)<br \/>\nProf. Dr. Knut Hickethier (Universit\u00e4t Hamburg)<br \/>\nProf. Dr. Markus Kuhn (Christian-Albrechts-Universit\u00e4t zu Kiel)<br \/>\nProf. Dr. Irmbert Schenk (Universit\u00e4t Bremen)<br \/>\nProf. Dr. Margrit Tr\u00f6hler (Universit\u00e4t Z\u00fcrich)<br \/>\nProf. Dr. Christiane Voss (Bauhaus-Universit\u00e4t Weimar)<br \/>\nDr. Volker Wortmann (Universit\u00e4t Hildesheim)<br \/>\nProf. Dr. Hans J. Wulff (Christian-Albrechts-Universit\u00e4t zu Kiel)<\/p>\n<h2>Rechtlicher Hinweis<\/h2>\n<p><em>Rabbit Eye<\/em> ist eine nicht-profitorientierte, wissenschaftliche Online-Zeitschrift. Die Verantwortung f\u00fcr die Inhalte und die Rechte an den Beitr\u00e4gen liegen bei den Autorinnen und Autoren.<br \/>\nTrotz sorgf\u00e4ltiger inhaltlicher Kontrolle \u00fcbernehmen wir keine Haftung f\u00fcr die Inhalte externer Links. Wir distanzieren uns ausdr\u00fccklich von dem Inhalt verlinkter Seiten, daf\u00fcr sind ausschlie\u00dflich deren Betreiber verantwortlich.<br \/>\nNamen und Email-Adressen werden ausschlie\u00dflich zu dem angegebenen Zweck genutzt und zu keinem anderen Zweck und an keine Dritten verf\u00fcgbar gemacht.<\/p>\n<h2>Umsetzung<\/h2>\n<p><a id=\"entry-content-rot\" href=\"http:\/\/www.rcschreier.de\">rcschreier<\/a> (Gestaltung)<\/p>\n<h2><a id=\"entry-content-rot\" href=\"rabbiteye_wp\/wp-login.php\">Admin<\/a><\/h2>\n<p style=\"text-align: center;\"><a id=\"entry-content-rot\" href=\"?page_id=872\">Impressum<\/a><a id=\"entry-content-rot\"><\/a> | <a id=\"entry-content-rot\" href=\"?page_id=857\">Datenschutzerkl\u00e4rung<\/a><\/p>\n","protected":false},"excerpt":{"rendered":"<p>IMPRESSUM\/KONTAKT ISSN 2192-5445 Herausgeber und Redaktion Priv.-Doz. Dr. Stephan Br\u00f6ssel (Westf\u00e4lische Wilhelms-Universit\u00e4t M\u00fcnster) Dr. Julia Eckel (Ruhr-Universit\u00e4t Bochum) Dr. Simon Frisch (Bauhaus-Universit\u00e4t Weimar) Dr. Stephanie Gro\u00dfmann (Universit\u00e4t Passau) Dr. Oliver Schmidt (Universit\u00e4t Hamburg) Kontakt Dr. Simon Frisch Bauhaus-Universit\u00e4t Weimar Fakult\u00e4t f\u00fcr Medien Fachbereich Medienwissenschaft Dozentur Film- und Medienwissenschaft Schwanseestra\u00dfe 143, Zimmer 3.21 D-99427 Weimar Telefon: [&hellip;]<\/p>\n","protected":false},"author":6,"featured_media":0,"parent":12,"menu_order":1,"comment_status":"closed","ping_status":"closed","template":"","meta":{"footnotes":""},"_links":{"self":[{"href":"https:\/\/www.rabbiteye.de\/index.php?rest_route=\/wp\/v2\/pages\/872"}],"collection":[{"href":"https:\/\/www.rabbiteye.de\/index.php?rest_route=\/wp\/v2\/pages"}],"about":[{"href":"https:\/\/www.rabbiteye.de\/index.php?rest_route=\/wp\/v2\/types\/page"}],"author":[{"embeddable":true,"href":"https:\/\/www.rabbiteye.de\/index.php?rest_route=\/wp\/v2\/users\/6"}],"replies":[{"embeddable":true,"href":"https:\/\/www.rabbiteye.de\/index.php?rest_route=%2Fwp%2Fv2%2Fcomments&post=872"}],"version-history":[{"count":10,"href":"https:\/\/www.rabbiteye.de\/index.php?rest_route=\/wp\/v2\/pages\/872\/revisions"}],"predecessor-version":[{"id":1079,"href":"https:\/\/www.rabbiteye.de\/index.php?rest_route=\/wp\/v2\/pages\/872\/revisions\/1079"}],"up":[{"embeddable":true,"href":"https:\/\/www.rabbiteye.de\/index.php?rest_route=\/wp\/v2\/pages\/12"}],"wp:attachment":[{"href":"https:\/\/www.rabbiteye.de\/index.php?rest_route=%2Fwp%2Fv2%2Fmedia&parent=872"}],"curies":[{"name":"wp","href":"https:\/\/api.w.org\/{rel}","templated":true}]}}