{"id":915,"date":"2018-05-24T15:50:22","date_gmt":"2018-05-24T14:50:22","guid":{"rendered":"http:\/\/www.rabbiteye.de\/?page_id=915"},"modified":"2024-05-28T11:02:19","modified_gmt":"2024-05-28T10:02:19","slug":"newsletter","status":"publish","type":"page","link":"https:\/\/www.rabbiteye.de\/?page_id=915","title":{"rendered":"CALL FOR PAPERS"},"content":{"rendered":"<p><span style=\"color: #ffffff;\"><strong>d.fff<\/strong><\/span><\/p>\n<p>Das n\u00e4chste Schwerpunktthema von Rabbit Eye sind <strong>&#8222;Die 90er &#8211; Das virtuelle Jahrzehnt&#8220;.<\/strong> Sie k\u00f6nnen noch bis 1. Juni 2024 Themenvorschl\u00e4ge und bis 31. Januar 2025 ganze Texte f\u00fcr die Schwerpunktausgabe\u00a0einreichen: <span style=\"color: #ff0000;\"><strong><a style=\"color: #ff0000;\" href=\"https:\/\/www.rabbiteye.de\/rabbiteye_wp\/wp-content\/uploads\/2024\/05\/CfP_Rabbit_Eye_014_Die_90er.pdf\">Call for Papers (014)<\/a><\/strong><br \/><span style=\"color: #000000;\">Betreut wird diese Ausgabe von Stephan Br\u00f6ssel (s.broessel@uni-muenster.de) und Oliver Schmidt (oliver.schmidt@tuhh.de).<\/span><br \/><\/span><\/p>\n\n\n<p><\/p>\n","protected":false},"excerpt":{"rendered":"<p>d.fff Das n\u00e4chste Schwerpunktthema von Rabbit Eye sind &#8222;Die 90er &#8211; Das virtuelle Jahrzehnt&#8220;. Sie k\u00f6nnen noch bis 1. Juni 2024 Themenvorschl\u00e4ge und bis 31. Januar 2025 ganze Texte f\u00fcr die Schwerpunktausgabe\u00a0einreichen: Call for Papers (014)Betreut wird diese Ausgabe von Stephan Br\u00f6ssel (s.broessel@uni-muenster.de) und Oliver Schmidt (oliver.schmidt@tuhh.de).<\/p>\n","protected":false},"author":6,"featured_media":0,"parent":0,"menu_order":3,"comment_status":"closed","ping_status":"closed","template":"","meta":{"footnotes":""},"_links":{"self":[{"href":"https:\/\/www.rabbiteye.de\/index.php?rest_route=\/wp\/v2\/pages\/915"}],"collection":[{"href":"https:\/\/www.rabbiteye.de\/index.php?rest_route=\/wp\/v2\/pages"}],"about":[{"href":"https:\/\/www.rabbiteye.de\/index.php?rest_route=\/wp\/v2\/types\/page"}],"author":[{"embeddable":true,"href":"https:\/\/www.rabbiteye.de\/index.php?rest_route=\/wp\/v2\/users\/6"}],"replies":[{"embeddable":true,"href":"https:\/\/www.rabbiteye.de\/index.php?rest_route=%2Fwp%2Fv2%2Fcomments&post=915"}],"version-history":[{"count":12,"href":"https:\/\/www.rabbiteye.de\/index.php?rest_route=\/wp\/v2\/pages\/915\/revisions"}],"predecessor-version":[{"id":1068,"href":"https:\/\/www.rabbiteye.de\/index.php?rest_route=\/wp\/v2\/pages\/915\/revisions\/1068"}],"wp:attachment":[{"href":"https:\/\/www.rabbiteye.de\/index.php?rest_route=%2Fwp%2Fv2%2Fmedia&parent=915"}],"curies":[{"name":"wp","href":"https:\/\/api.w.org\/{rel}","templated":true}]}}